{"id":925,"date":"2019-02-11T10:40:57","date_gmt":"2019-02-11T09:40:57","guid":{"rendered":"http:\/\/www.francis-pellerin.fr\/?page_id=925"},"modified":"2021-02-05T10:07:40","modified_gmt":"2021-02-05T09:07:40","slug":"quest-ce-quune-structure-deployee-selon-monique-merly","status":"publish","type":"page","link":"https:\/\/www.francis-pellerin.fr\/index.php\/quest-ce-quune-structure-deployee-selon-monique-merly\/","title":{"rendered":"Qu&rsquo;est-ce qu&rsquo;une structure d\u00e9ploy\u00e9e selon Monique Merly"},"content":{"rendered":"<p>[et_pb_section fb_built=\u00a0\u00bb1&Prime; fullwidth=\u00a0\u00bbon\u00a0\u00bb _builder_version=\u00a0\u00bb3.0.86&Prime;][et_pb_fullwidth_post_title meta=\u00a0\u00bboff\u00a0\u00bb featured_placement=\u00a0\u00bbbackground\u00a0\u00bb text_background=\u00a0\u00bbon\u00a0\u00bb text_bg_color=\u00a0\u00bbrgba(124,124,124,0.9)\u00a0\u00bb _builder_version=\u00a0\u00bb3.0.86&Prime; title_font=\u00a0\u00bbOpen Sans||||||||\u00a0\u00bb title_text_color=\u00a0\u00bb#ffffff\u00a0\u00bb title_line_height=\u00a0\u00bb1.2em\u00a0\u00bb background_image=\u00a0\u00bbhttp:\/\/www.francis-pellerin.fr\/wp-content\/uploads\/2019\/01\/8-Grand-Vaisseau-1980.jpg\u00a0\u00bb custom_css_main_element=\u00a0\u00bb line-height: 1.8em !important;|| letter-spacing: 2px !important;\u00a0\u00bb]\u00a0<br \/>\n[\/et_pb_fullwidth_post_title][\/et_pb_section][et_pb_section fb_built=\u00a0\u00bb1&Prime; module_id=\u00a0\u00bbquestion\u00a0\u00bb _builder_version=\u00a0\u00bb3.0.86&Prime; custom_css_main_element=\u00a0\u00bbpadding-bottom:0px !important;||padding-top:30px !important;\u00a0\u00bb][et_pb_row _builder_version=\u00a0\u00bb3.0.47&Prime; background_size=\u00a0\u00bbinitial\u00a0\u00bb background_position=\u00a0\u00bbtop_left\u00a0\u00bb background_repeat=\u00a0\u00bbrepeat\u00a0\u00bb][et_pb_column type=\u00a0\u00bb2_3&Prime; _builder_version=\u00a0\u00bb3.0.47&Prime; parallax=\u00a0\u00bboff\u00a0\u00bb parallax_method=\u00a0\u00bbon\u00a0\u00bb][et_pb_text _builder_version=\u00a0\u00bb3.0.86&Prime;]<\/p>\n<h2 align=\"JUSTIFY\">Qu&rsquo;est-ce qu&rsquo;une structure d\u00e9ploy\u00e9e ?<\/h2>\n<p>[\/et_pb_text][et_pb_text _builder_version=\u00a0\u00bb3.0.86&Prime;]<\/p>\n<p align=\"JUSTIFY\"><span style=\"font-weight: 400;\"><strong>Monique Merly<\/strong> \u2013 philosophe qui dialogua pendant plus de vingt ans avec Francis Pellerin \u2013 souligne dans un de ses articles, <a href=\"http:\/\/www.francis-pellerin.fr\/wp-content\/uploads\/2019\/02\/Itineraire-Spirituel-M-Merly.pdf\">\u00ab Un itin\u00e9raire spirituel ? \u00bb<\/a> (juin 2014) :\u00a0\u00ab L&rsquo;appellation pourrait pr\u00eater au malentendu. Le d\u00e9ploiement serait simple d\u00e9pliage et l&rsquo;oeuvre serait le fruit de la conjonction d&rsquo;un aplat donn\u00e9 et du d\u00e9pliage d&rsquo;un de ses \u00e9l\u00e9ments\u00a0: une astuce en volume d\u00e9composante. Ce serait omettre l&rsquo;oeil sollicit\u00e9. Pr\u00e9cis\u00e9ment ce type d&rsquo;oeuvre, comme la sculpture cin\u00e9tique, refuse tout ach\u00e8vement ou saisie de la r\u00e9alit\u00e9 \u00e0 voir. L&rsquo;objet\u00a0\u00ab vu\u00a0\u00bb n&rsquo;est pas l&rsquo;oeuvre accessible. Il s&rsquo;agit de saisir ces \u00ab\u00a0grands plans qui vivent\u00a0\u00bb et qui nous invitent au passage\u00a0: car c&rsquo;est \u00e0 l&rsquo;occasion d&rsquo;un tel passage qu&rsquo;ils \u00e9bauchent, indivise, la Forme qu&rsquo;ils r\u00e9v\u00e8lent. Et c&rsquo;est pourquoi un \u00ab Mobile\u00a0\u00bb comme celui du mus\u00e9e des beaux-arts de Rennes, ou un bas-relief, comme au Centre culturel du Triangle \u00e0 Rennes, ou encore une Structure plurielle comme <\/span><i><span style=\"font-weight: 400;\">L&rsquo;Anascope<\/span><\/i><span style=\"font-weight: 400;\"> \u00e0 Rennes, s&rsquo;offrent au regard comme un parcours ou une attente.\u00a0\u00bb<br \/><\/span><\/p>\n<p>[\/et_pb_text][\/et_pb_column][et_pb_column type=\u00a0\u00bb1_3&Prime; _builder_version=\u00a0\u00bb3.0.47&Prime; parallax=\u00a0\u00bboff\u00a0\u00bb parallax_method=\u00a0\u00bbon\u00a0\u00bb][et_pb_image src=\u00a0\u00bbhttps:\/\/www.francis-pellerin.fr\/wp-content\/uploads\/2019\/01\/9-pour-l-Asterisque-M-Merly-et-F-P.jpg\u00a0\u00bb show_in_lightbox=\u00a0\u00bbon\u00a0\u00bb _builder_version=\u00a0\u00bb3.0.86&Prime;]\u00a0<br \/>\n[\/et_pb_image][\/et_pb_column][\/et_pb_row][\/et_pb_section]<\/p>\n","protected":false},"excerpt":{"rendered":"<p>[et_pb_section fb_built=\u00a0\u00bb1&Prime; fullwidth=\u00a0\u00bbon\u00a0\u00bb _builder_version=\u00a0\u00bb3.0.86&Prime;][et_pb_fullwidth_post_title meta=\u00a0\u00bboff\u00a0\u00bb featured_placement=\u00a0\u00bbbackground\u00a0\u00bb text_background=\u00a0\u00bbon\u00a0\u00bb text_bg_color=\u00a0\u00bbrgba(124,124,124,0.9)\u00a0\u00bb _builder_version=\u00a0\u00bb3.0.86&Prime; title_font=\u00a0\u00bbOpen Sans||||||||\u00a0\u00bb title_text_color=\u00a0\u00bb#ffffff\u00a0\u00bb title_line_height=\u00a0\u00bb1.2em\u00a0\u00bb background_image=\u00a0\u00bbhttp:\/\/www.francis-pellerin.fr\/wp-content\/uploads\/2019\/01\/8-Grand-Vaisseau-1980.jpg\u00a0\u00bb custom_css_main_element=\u00a0\u00bb line-height: 1.8em !important;|| letter-spacing: 2px !important;\u00a0\u00bb]\u00a0 [\/et_pb_fullwidth_post_title][\/et_pb_section][et_pb_section fb_built=\u00a0\u00bb1&Prime; module_id=\u00a0\u00bbquestion\u00a0\u00bb _builder_version=\u00a0\u00bb3.0.86&Prime; custom_css_main_element=\u00a0\u00bbpadding-bottom:0px !important;||padding-top:30px !important;\u00a0\u00bb][et_pb_row _builder_version=\u00a0\u00bb3.0.47&Prime; background_size=\u00a0\u00bbinitial\u00a0\u00bb background_position=\u00a0\u00bbtop_left\u00a0\u00bb background_repeat=\u00a0\u00bbrepeat\u00a0\u00bb][et_pb_column type=\u00a0\u00bb2_3&Prime; _builder_version=\u00a0\u00bb3.0.47&Prime; parallax=\u00a0\u00bboff\u00a0\u00bb parallax_method=\u00a0\u00bbon\u00a0\u00bb][et_pb_text _builder_version=\u00a0\u00bb3.0.86&Prime;] Qu&rsquo;est-ce qu&rsquo;une structure d\u00e9ploy\u00e9e ? [\/et_pb_text][et_pb_text _builder_version=\u00a0\u00bb3.0.86&Prime;] Monique Merly \u2013 philosophe qui dialogua pendant plus de vingt ans [&hellip;]<\/p>\n","protected":false},"author":1,"featured_media":242,"parent":0,"menu_order":0,"comment_status":"closed","ping_status":"open","template":"","meta":[],"_links":{"self":[{"href":"https:\/\/www.francis-pellerin.fr\/index.php\/wp-json\/wp\/v2\/pages\/925"}],"collection":[{"href":"https:\/\/www.francis-pellerin.fr\/index.php\/wp-json\/wp\/v2\/pages"}],"about":[{"href":"https:\/\/www.francis-pellerin.fr\/index.php\/wp-json\/wp\/v2\/types\/page"}],"author":[{"embeddable":true,"href":"https:\/\/www.francis-pellerin.fr\/index.php\/wp-json\/wp\/v2\/users\/1"}],"replies":[{"embeddable":true,"href":"https:\/\/www.francis-pellerin.fr\/index.php\/wp-json\/wp\/v2\/comments?post=925"}],"version-history":[{"count":9,"href":"https:\/\/www.francis-pellerin.fr\/index.php\/wp-json\/wp\/v2\/pages\/925\/revisions"}],"predecessor-version":[{"id":1407,"href":"https:\/\/www.francis-pellerin.fr\/index.php\/wp-json\/wp\/v2\/pages\/925\/revisions\/1407"}],"wp:featuredmedia":[{"embeddable":true,"href":"https:\/\/www.francis-pellerin.fr\/index.php\/wp-json\/wp\/v2\/media\/242"}],"wp:attachment":[{"href":"https:\/\/www.francis-pellerin.fr\/index.php\/wp-json\/wp\/v2\/media?parent=925"}],"curies":[{"name":"wp","href":"https:\/\/api.w.org\/{rel}","templated":true}]}}