{"id":1162,"date":"2019-02-21T11:36:30","date_gmt":"2019-02-21T10:36:30","guid":{"rendered":"http:\/\/www.francis-pellerin.fr\/?page_id=1162"},"modified":"2025-02-07T15:24:51","modified_gmt":"2025-02-07T14:24:51","slug":"les-videos-et-films","status":"publish","type":"page","link":"https:\/\/www.francis-pellerin.fr\/index.php\/les-videos-et-films\/","title":{"rendered":"Les vid\u00e9os et films"},"content":{"rendered":"<p>[et_pb_section fb_built=\u00a0\u00bb1&Prime; fullwidth=\u00a0\u00bbon\u00a0\u00bb _builder_version=\u00a0\u00bb3.0.86&Prime;][et_pb_fullwidth_post_title meta=\u00a0\u00bboff\u00a0\u00bb featured_placement=\u00a0\u00bbbackground\u00a0\u00bb text_background=\u00a0\u00bbon\u00a0\u00bb text_bg_color=\u00a0\u00bbrgba(124,124,124,0.9)\u00a0\u00bb _builder_version=\u00a0\u00bb3.0.86&Prime; title_font=\u00a0\u00bbOpen Sans||||||||\u00a0\u00bb title_text_color=\u00a0\u00bb#ffffff\u00a0\u00bb title_line_height=\u00a0\u00bb1.2em\u00a0\u00bb background_image=\u00a0\u00bbhttp:\/\/www.francis-pellerin.fr\/wp-content\/uploads\/2019\/01\/8-Grand-Vaisseau-1980.jpg\u00a0\u00bb custom_css_main_element=\u00a0\u00bb line-height: 1.8em !important;|| letter-spacing: 2px !important;\u00a0\u00bb][\/et_pb_fullwidth_post_title][\/et_pb_section][et_pb_section fb_built=\u00a0\u00bb1&Prime; module_id=\u00a0\u00bbquestion\u00a0\u00bb _builder_version=\u00a0\u00bb3.0.86&Prime; custom_css_main_element=\u00a0\u00bbpadding-bottom:0px !important;||padding-top:30px !important;\u00a0\u00bb][et_pb_row _builder_version=\u00a0\u00bb3.0.47&Prime; background_size=\u00a0\u00bbinitial\u00a0\u00bb background_position=\u00a0\u00bbtop_left\u00a0\u00bb background_repeat=\u00a0\u00bbrepeat\u00a0\u00bb][et_pb_column type=\u00a0\u00bb4_4&Prime; _builder_version=\u00a0\u00bb3.0.47&Prime; parallax=\u00a0\u00bboff\u00a0\u00bb parallax_method=\u00a0\u00bbon\u00a0\u00bb][et_pb_text _builder_version=\u00a0\u00bb3.0.86&Prime;]<\/p>\n<h2>Documentaire &#8211; Francis Pellerin, sculpteur en mouvement<\/h2>\n<p><span style=\"font-weight: 400;\"> Teaser &#8211; 4 avril 2024 &#8211; TVR<\/span><span style=\"font-weight: 400;\"> &#8211; <\/span><span style=\"font-weight: 400;\">Dur\u00e9e : 2:05<\/span><\/p>\n<p>[\/et_pb_text][et_pb_video src=\u00a0\u00bbhttps:\/\/www.francis-pellerin.fr\/video\/00579_DOC_52_FRANCIS_PELLERIN_SCULPTEUR_H.264_1_FR.mp4&Prime; image_src=\u00a0\u00bbhttps:\/\/www.francis-pellerin.fr\/wp-content\/uploads\/2024\/05\/image-video-fp.jpg\u00a0\u00bb disabled_on=\u00a0\u00bboff|off|off\u00a0\u00bb _builder_version=\u00a0\u00bb3.0.86&Prime;][\/et_pb_video][et_pb_text _builder_version=\u00a0\u00bb3.0.86&Prime;]<\/p>\n<h2>Francis Pellerin, sculpteur en mouvement- 2024<\/h2>\n<p>Ce film de 52 mn est visible <span style=\"text-decoration: underline;\">gratuitement<\/span> en cliquant sur le lien <strong><a href=\"https:\/\/vimeo.com\/910410018\" target=\"_blank\" rel=\"noopener noreferrer\">https:\/\/vimeo.com\/910410018<\/a><\/strong>.<br \/>Quand vous \u00eates sur la page de la plate-forme VIMEO, vous n\u2019avez pas besoin de cr\u00e9er un compte. Donnez le mot de passe \/ code d\u2019acc\u00e8s que vous<br \/>obtiendrez en faisant la demande sur la boite mail du site :<strong> <a href=\"mailto:info@francis-pellerin.fr\">info@francis-pellerin.fr<\/a><\/strong><\/p>\n<p>[\/et_pb_text][et_pb_text _builder_version=\u00a0\u00bb3.0.86&Prime;]<\/p>\n<h2>L&rsquo;art construit de Francis Pellerin &#8211; 2019<\/h2>\n<p><span style=\"font-weight: 400;\">Laurence Imbernon, conservatrice du patrimoine au mus\u00e9e des beaux-arts de Rennes, s\u2019exprime sur la part art construit et art cin\u00e9tique dans l\u2019oeuvre de Francis Pellerin.<\/span><span style=\"font-weight: 400;\"><br \/> <\/span><span style=\"font-weight: 400;\">Dur\u00e9e : 3:12<\/span><\/p>\n<p>[\/et_pb_text][et_pb_video src=\u00a0\u00bbhttps:\/\/www.francis-pellerin.fr\/video\/MASTER_ITV_PELLERIN_light_SOUS_TITRES.mp4&Prime; image_src=\u00a0\u00bbhttps:\/\/www.francis-pellerin.fr\/wp-content\/uploads\/2019\/06\/imbernon.jpg\u00a0\u00bb disabled_on=\u00a0\u00bboff|off|off\u00a0\u00bb _builder_version=\u00a0\u00bb3.0.86&Prime;][\/et_pb_video][et_pb_text _builder_version=\u00a0\u00bb3.0.86&Prime;]<\/p>\n<h2>L&rsquo;atelier Francis Pellerin &#8211; 2005<\/h2>\n<p><span style=\"font-weight: 400;\">Vid\u00e9o r\u00e9alis\u00e9e par le mus\u00e9e des beaux-arts de Rennes \u00e0 l\u2019occasion de l\u2019exposition r\u00e9trospective de 2005.<\/span><span style=\"font-weight: 400;\"><br \/>\n<\/span><span style=\"font-weight: 400;\">Dur\u00e9e : 8:38<\/span><\/p>\n<p>[\/et_pb_text][et_pb_video src=\u00a0\u00bbhttps:\/\/www.francis-pellerin.fr\/video\/SEQUENCE_4.mp4&Prime; image_src=\u00a0\u00bbhttps:\/\/www.francis-pellerin.fr\/wp-content\/uploads\/2019\/03\/atelier.jpg\u00a0\u00bb _builder_version=\u00a0\u00bb3.0.86&Prime;][\/et_pb_video][\/et_pb_column][\/et_pb_row][et_pb_row _builder_version=\u00a0\u00bb3.0.47&Prime; background_size=\u00a0\u00bbinitial\u00a0\u00bb background_position=\u00a0\u00bbtop_left\u00a0\u00bb background_repeat=\u00a0\u00bbrepeat\u00a0\u00bb][et_pb_column type=\u00a0\u00bb4_4&Prime; _builder_version=\u00a0\u00bb3.0.47&Prime; parallax=\u00a0\u00bboff\u00a0\u00bb parallax_method=\u00a0\u00bbon\u00a0\u00bb][et_pb_text _builder_version=\u00a0\u00bb3.0.86&Prime;]<\/p>\n<h1 class=\"h1--title \">L&rsquo;art en musique devant la Structure Mobile de 1956<\/h1>\n<p>Pr\u00e9sentation : <span style=\"font-weight: 400;\">Laurence Imbernon, conservatrice du patrimoine au mus\u00e9e des beaux-arts de Rennes<\/span>.<br \/>St\u00e9phane GENAY interpr\u00e8te la Suite en concert pour violoncelle seul d\u2019Andr\u00e9 JOLIVET devant une \u0153uvre de Francis PELLERIN<br \/>Diffus\u00e9e le 17-05-2021 sur TV Rennes.<\/p>\n<p>[\/et_pb_text][\/et_pb_column][\/et_pb_row][et_pb_row _builder_version=\u00a0\u00bb3.0.47&Prime; background_size=\u00a0\u00bbinitial\u00a0\u00bb background_position=\u00a0\u00bbtop_left\u00a0\u00bb background_repeat=\u00a0\u00bbrepeat\u00a0\u00bb][et_pb_column type=\u00a0\u00bb4_4&Prime; _builder_version=\u00a0\u00bb3.0.47&Prime; parallax=\u00a0\u00bboff\u00a0\u00bb parallax_method=\u00a0\u00bbon\u00a0\u00bb][et_pb_video src=\u00a0\u00bbhttps:\/\/www.francis-pellerin.fr\/video\/MASTER_ART EN MUSIQUE_FR_1.mp4&Prime; image_src=\u00a0\u00bbhttps:\/\/www.francis-pellerin.fr\/wp-content\/uploads\/2021\/06\/tvr.jpg\u00a0\u00bb disabled_on=\u00a0\u00bboff|off|off\u00a0\u00bb _builder_version=\u00a0\u00bb3.0.86&Prime;][\/et_pb_video][et_pb_text _builder_version=\u00a0\u00bb3.0.86&Prime;]<\/p>\n<h1 class=\"h1--title \">Visite au sculpteur abstrait Francis Pellerin &#8211; 1964<\/h1>\n<p><span style=\"font-weight: 400;\">Vid\u00e9o INA de 1964 \u2013 Entretien avec Fran\u00e7ois Ler\u00e9ec<\/span>.<\/p>\n<p><a href=\"https:\/\/www.ina.fr\/video\/RYC9711126358\" target=\"_blank\" rel=\"noopener\">https:\/\/www.ina.fr\/video\/RYC9711126358<\/a><\/p>\n<p>[\/et_pb_text][\/et_pb_column][\/et_pb_row][\/et_pb_section]<\/p>\n","protected":false},"excerpt":{"rendered":"<p>[et_pb_section fb_built=\u00a0\u00bb1&Prime; fullwidth=\u00a0\u00bbon\u00a0\u00bb _builder_version=\u00a0\u00bb3.0.86&Prime;][et_pb_fullwidth_post_title meta=\u00a0\u00bboff\u00a0\u00bb featured_placement=\u00a0\u00bbbackground\u00a0\u00bb text_background=\u00a0\u00bbon\u00a0\u00bb text_bg_color=\u00a0\u00bbrgba(124,124,124,0.9)\u00a0\u00bb _builder_version=\u00a0\u00bb3.0.86&Prime; title_font=\u00a0\u00bbOpen Sans||||||||\u00a0\u00bb title_text_color=\u00a0\u00bb#ffffff\u00a0\u00bb title_line_height=\u00a0\u00bb1.2em\u00a0\u00bb background_image=\u00a0\u00bbhttp:\/\/www.francis-pellerin.fr\/wp-content\/uploads\/2019\/01\/8-Grand-Vaisseau-1980.jpg\u00a0\u00bb custom_css_main_element=\u00a0\u00bb line-height: 1.8em !important;|| letter-spacing: 2px !important;\u00a0\u00bb][\/et_pb_fullwidth_post_title][\/et_pb_section][et_pb_section fb_built=\u00a0\u00bb1&Prime; module_id=\u00a0\u00bbquestion\u00a0\u00bb _builder_version=\u00a0\u00bb3.0.86&Prime; custom_css_main_element=\u00a0\u00bbpadding-bottom:0px !important;||padding-top:30px !important;\u00a0\u00bb][et_pb_row _builder_version=\u00a0\u00bb3.0.47&Prime; background_size=\u00a0\u00bbinitial\u00a0\u00bb background_position=\u00a0\u00bbtop_left\u00a0\u00bb background_repeat=\u00a0\u00bbrepeat\u00a0\u00bb][et_pb_column type=\u00a0\u00bb4_4&Prime; _builder_version=\u00a0\u00bb3.0.47&Prime; parallax=\u00a0\u00bboff\u00a0\u00bb parallax_method=\u00a0\u00bbon\u00a0\u00bb][et_pb_text _builder_version=\u00a0\u00bb3.0.86&Prime;] Documentaire &#8211; Francis Pellerin, sculpteur en mouvement Teaser &#8211; 4 avril 2024 &#8211; TVR &#8211; Dur\u00e9e : 2:05 [\/et_pb_text][et_pb_video [&hellip;]<\/p>\n","protected":false},"author":1,"featured_media":774,"parent":0,"menu_order":0,"comment_status":"closed","ping_status":"closed","template":"","meta":[],"_links":{"self":[{"href":"https:\/\/www.francis-pellerin.fr\/index.php\/wp-json\/wp\/v2\/pages\/1162"}],"collection":[{"href":"https:\/\/www.francis-pellerin.fr\/index.php\/wp-json\/wp\/v2\/pages"}],"about":[{"href":"https:\/\/www.francis-pellerin.fr\/index.php\/wp-json\/wp\/v2\/types\/page"}],"author":[{"embeddable":true,"href":"https:\/\/www.francis-pellerin.fr\/index.php\/wp-json\/wp\/v2\/users\/1"}],"replies":[{"embeddable":true,"href":"https:\/\/www.francis-pellerin.fr\/index.php\/wp-json\/wp\/v2\/comments?post=1162"}],"version-history":[{"count":36,"href":"https:\/\/www.francis-pellerin.fr\/index.php\/wp-json\/wp\/v2\/pages\/1162\/revisions"}],"predecessor-version":[{"id":1834,"href":"https:\/\/www.francis-pellerin.fr\/index.php\/wp-json\/wp\/v2\/pages\/1162\/revisions\/1834"}],"wp:featuredmedia":[{"embeddable":true,"href":"https:\/\/www.francis-pellerin.fr\/index.php\/wp-json\/wp\/v2\/media\/774"}],"wp:attachment":[{"href":"https:\/\/www.francis-pellerin.fr\/index.php\/wp-json\/wp\/v2\/media?parent=1162"}],"curies":[{"name":"wp","href":"https:\/\/api.w.org\/{rel}","templated":true}]}}