{"id":1124,"date":"2019-02-19T12:06:51","date_gmt":"2019-02-19T11:06:51","guid":{"rendered":"http:\/\/www.francis-pellerin.fr\/?page_id=1124"},"modified":"2021-06-24T10:33:25","modified_gmt":"2021-06-24T08:33:25","slug":"mentions-legales","status":"publish","type":"page","link":"https:\/\/www.francis-pellerin.fr\/index.php\/mentions-legales\/","title":{"rendered":"Mentions l\u00e9gales"},"content":{"rendered":"<p>[et_pb_section fb_built=\u00a0\u00bb1&Prime; fullwidth=\u00a0\u00bbon\u00a0\u00bb _builder_version=\u00a0\u00bb3.0.86&Prime;][et_pb_fullwidth_post_title meta=\u00a0\u00bboff\u00a0\u00bb featured_placement=\u00a0\u00bbbackground\u00a0\u00bb text_background=\u00a0\u00bbon\u00a0\u00bb text_bg_color=\u00a0\u00bbrgba(124,124,124,0.9)\u00a0\u00bb _builder_version=\u00a0\u00bb3.0.86&Prime; title_font=\u00a0\u00bbOpen Sans||||||||\u00a0\u00bb title_text_color=\u00a0\u00bb#ffffff\u00a0\u00bb title_line_height=\u00a0\u00bb1.2em\u00a0\u00bb background_image=\u00a0\u00bbhttp:\/\/www.francis-pellerin.fr\/wp-content\/uploads\/2019\/01\/8-Grand-Vaisseau-1980.jpg\u00a0\u00bb custom_css_main_element=\u00a0\u00bb line-height: 1.8em !important;|| letter-spacing: 2px !important;\u00a0\u00bb]\u00a0<br \/>\n[\/et_pb_fullwidth_post_title][\/et_pb_section][et_pb_section fb_built=\u00a0\u00bb1&Prime; module_id=\u00a0\u00bbquestion\u00a0\u00bb _builder_version=\u00a0\u00bb3.0.86&Prime; custom_css_main_element=\u00a0\u00bbpadding-bottom:0px !important;||padding-top:30px !important;\u00a0\u00bb][et_pb_row _builder_version=\u00a0\u00bb3.0.47&Prime; background_size=\u00a0\u00bbinitial\u00a0\u00bb background_position=\u00a0\u00bbtop_left\u00a0\u00bb background_repeat=\u00a0\u00bbrepeat\u00a0\u00bb][et_pb_column type=\u00a0\u00bb4_4&Prime; _builder_version=\u00a0\u00bb3.0.47&Prime; parallax=\u00a0\u00bboff\u00a0\u00bb parallax_method=\u00a0\u00bbon\u00a0\u00bb][et_pb_text _builder_version=\u00a0\u00bb3.0.86&Prime;]<\/p>\n<p>&nbsp;<\/p>\n<p>1. Pr\u00e9sentation du site<\/p>\n<p>Conform\u00e9ment aux dispositions des articles 6-III et 19 de la Loi n\u00b0 2004-575 du 21 juin 2004 pour la Confiance dans l&rsquo;\u00e9conomie num\u00e9rique, dite L.C.E.N., nous portons \u00e0 la connaissance des utilisateurs et visiteurs du site :\u00a0 http:\/\/www.francis-pellerin.fr les informations suivantes :<\/p>\n<p>Informations l\u00e9gales :<\/p>\n<p>FRANCIS PELLERIN<\/p>\n<p>Adresse :<\/p>\n<p>Adresse de courrier \u00e9lectronique : <a href=\"mailto:info@francis-pellerin.fr\">info@francis-pellerin.fr<\/a><\/p>\n<p>Le Cr\u00e9ateur du site est : Haude PELLERIN<br \/>Le Responsable de la publication est : Haude PELLERIN<br \/>Contactez le responsable de la publication : <a href=\"mailto:info@francis-pellerin.fr\">info@francis-pellerin.fr<\/a><\/p>\n<p>Le responsable de la publication est une personne physique<\/p>\n<p>Le Webmaster est : Haude PELLERIN<br \/>Contactez le Webmaster : <a href=\"mailto:info@francis-pellerin.fr\">info@francis-pellerin.fr<\/a><\/p>\n<p>L&rsquo;h\u00e9bergeur du site est : OVH<\/p>\n<p>2. Conditions g\u00e9n\u00e9rales d&rsquo;utilisation du site<\/p>\n<p>L&rsquo;utilisation du site FRANCIS PELLERIN implique l&rsquo;acceptation pleine et enti\u00e8re des conditions g\u00e9n\u00e9rales d&rsquo;utilisation d\u00e9crites ci-apr\u00e8s. Ces conditions d&rsquo;utilisation sont susceptibles d&rsquo;\u00eatre modifi\u00e9es ou compl\u00e9t\u00e9es \u00e0 tout moment, sans pr\u00e9avis, aussi les utilisateurs du site FRANCIS PELLERIN sont invit\u00e9s \u00e0 les consulter de mani\u00e8re r\u00e9guli\u00e8re.<\/p>\n<p>FRANCIS PELLERIN est par principe accessible aux utilisateurs 24\/24h, 7\/7j, sauf interruption, programm\u00e9e ou non, pour les besoins de sa maintenance ou cas de force majeure. En cas d&rsquo;impossibilit\u00e9 d&rsquo;acc\u00e8s au service, FRANCIS PELLERIN s&rsquo;engage \u00e0 faire son maximum afin de r\u00e9tablir l&rsquo;acc\u00e8s au service et s&rsquo;efforcera alors de communiquer pr\u00e9alablement aux utilisateurs les dates et heures de l&rsquo;intervention. N&rsquo;\u00e9tant soumis qu&rsquo;\u00e0 une obligation de moyen, FRANCIS PELLERIN ne saurait \u00eatre tenu pour responsable de tout dommage, quelle qu&rsquo;en soit la nature, r\u00e9sultant d&rsquo;une indisponibilit\u00e9 du service.<\/p>\n<p>Le site FRANCIS PELLERIN est mis \u00e0 jour r\u00e9guli\u00e8rement par le propri\u00e9taire du site. De la m\u00eame fa\u00e7on, les mentions l\u00e9gales peuvent \u00eatre modifi\u00e9es \u00e0 tout moment, sans pr\u00e9avis et s&rsquo;imposent \u00e0 l&rsquo;utilisateur sans r\u00e9serve. L&rsquo;utilisateur est r\u00e9put\u00e9 les accepter sans r\u00e9serve et s&rsquo;y r\u00e9f\u00e9rer r\u00e9guli\u00e8rement pour prendre connaissance des modifications.<\/p>\n<p>Le site FRANCIS PELLERIN se r\u00e9serve aussi le droit de c\u00e9der, transf\u00e9rer, ce sans pr\u00e9avis les droits et\/ou obligations des pr\u00e9sentes CGU et mentions l\u00e9gales. En continuant \u00e0 utiliser les Services du site FRANCIS PELLERIN, l&rsquo;utilisateur reconna\u00eet accepter les modifications des conditions g\u00e9n\u00e9rales qui seraient intervenues.<\/p>\n<p>3. Description des services fournis<\/p>\n<p>Le site FRANCIS PELLERIN a pour objet de fournir une information concernant l&rsquo;ensemble de ses oeuvres.<\/p>\n<p>Le propri\u00e9taire du site s&rsquo;efforce de fournir sur le site FRANCIS PELLERIN des informations aussi pr\u00e9cises que possible. Toutefois, il ne pourra \u00eatre tenu responsable des omissions, des inexactitudes et des carences dans la mise \u00e0 jour, qu&rsquo;elles soient de son fait ou du fait des tiers partenaires qui lui fournissent ces informations.<\/p>\n<p>Tous les informations propos\u00e9es sur le site FRANCIS PELLERIN sont donn\u00e9es \u00e0 titre indicatif, sont non exhaustives, et sont susceptibles d&rsquo;\u00e9voluer. Elles sont donn\u00e9es sous r\u00e9serve de modifications ayant \u00e9t\u00e9 apport\u00e9es depuis leur mise en ligne.<\/p>\n<p>4. Limites de responsabilit\u00e9<\/p>\n<p>Le site FRANCIS PELLERIN utilise la technologie javascript.<\/p>\n<p>Le site FRANCIS PELLERIN ne saurait \u00eatre tenu responsable des erreurs typographiques ou inexactitudes apparaissant sur le service, ou de quelque dommage subi r\u00e9sultant de son utilisation. L&rsquo;utilisateur reste responsable de son \u00e9quipement et de son utilisation, de m\u00eame il supporte seul les co\u00fbts directs ou indirects suite \u00e0 sa connexion \u00e0 Internet.<\/p>\n<p>L&rsquo;utilisateur du site FRANCIS PELLERIN s&rsquo;engage \u00e0 acc\u00e9der \u00e0 celui-ci en utilisant un mat\u00e9riel r\u00e9cent, ne contenant pas de virus et avec un navigateur de derni\u00e8re g\u00e9n\u00e9ration mise \u00e0 jour.<\/p>\n<p>L&rsquo;utilisateur d\u00e9gage la responsabilit\u00e9 de FRANCIS PELLERIN pour tout pr\u00e9judice qu&rsquo;il pourrait subir ou faire subir, directement ou indirectement, du fait des services propos\u00e9s. Seule la responsabilit\u00e9 de l&rsquo;utilisateur est engag\u00e9e par l&rsquo;utilisation du service propos\u00e9 et celui-ci d\u00e9gage express\u00e9ment le site FRANCIS PELLERIN de toute responsabilit\u00e9 vis \u00e0 vis de tiers.<\/p>\n<p>5. Propri\u00e9t\u00e9 intellectuelle et contrefa\u00e7ons<\/p>\n<p>Le propri\u00e9taire du site est propri\u00e9taire des droits de propri\u00e9t\u00e9 intellectuelle ou d\u00e9tient les droits d&rsquo;usage sur tous les \u00e9l\u00e9ments accessibles sur le site, notamment les textes, images, graphismes, logo, ic\u00f4nes, sons, vid\u00e9os\u2026<\/p>\n<p>Toute reproduction, repr\u00e9sentation, modification, publication, adaptation totale ou partielle des \u00e9l\u00e9ments du site, quel que soit le moyen ou le proc\u00e9d\u00e9 utilis\u00e9, est interdite, sauf autorisation \u00e9crite pr\u00e9alable \u00e0 l&#8217;email : contact@francis-pellerin.fr.<\/p>\n<p>Toute exploitation non autoris\u00e9e du site ou de l&rsquo;un quelconque de ces \u00e9l\u00e9ments qu&rsquo;il contient sera consid\u00e9r\u00e9e comme constitutive d&rsquo;une contrefa\u00e7on et poursuivie conform\u00e9ment aux dispositions des articles L.335-2 et suivants du Code de Propri\u00e9t\u00e9 Intellectuelle.<\/p>\n<p>6. Liens hypertextes et cookies<\/p>\n<p>Le site FRANCIS PELLERIN contient un certain nombre de liens hypertextes vers d&rsquo;autres sites (partenaires, informations \u2026) mis en place avec l&rsquo;autorisation de le propri\u00e9taire du site . Cependant, le propri\u00e9taire du site n&rsquo;a pas la possibilit\u00e9 de v\u00e9rifier le contenu des sites ainsi visit\u00e9s et d\u00e9cline donc toute responsabilit\u00e9 de ce fait quand aux risques \u00e9ventuels de contenus illicites.<\/p>\n<p>L&rsquo;utilisateur est inform\u00e9 que lors de ses visites sur le site FRANCIS PELLERIN, un ou des cookies sont susceptible de s&rsquo;installer automatiquement sur son ordinateur. Un cookie est un fichier de petite taille, qui ne permet pas l&rsquo;identification de l&rsquo;utilisateur, mais qui enregistre des informations relatives \u00e0 la navigation d&rsquo;un ordinateur sur un site. Les donn\u00e9es ainsi obtenues visent \u00e0 faciliter la navigation ult\u00e9rieure sur le site, et ont \u00e9galement vocation \u00e0 permettre diverses mesures de fr\u00e9quentation.<\/p>\n<p>Le param\u00e9trage du logiciel de navigation permet d&rsquo;informer de la pr\u00e9sence de cookie et \u00e9ventuellement, de refuser de la mani\u00e8re d\u00e9crite \u00e0 l&rsquo;adresse suivante : www.cnil.fr<\/p>\n<p>Le refus d&rsquo;installation d&rsquo;un cookie peut entra\u00eener l&rsquo;impossibilit\u00e9 d&rsquo;acc\u00e9der \u00e0 certains services. L&rsquo;utilisateur peut toutefois configurer son ordinateur de la mani\u00e8re suivante, pour refuser l&rsquo;installation des cookies :<\/p>\n<p>Sous Internet Explorer : onglet outil \/ options internet. Cliquez sur Confidentialit\u00e9 et choisissez Bloquer tous les cookies. Validez sur Ok.<\/p>\n<p>7. Droit applicable et attribution de juridiction<\/p>\n<p>Tout litige en relation avec l&rsquo;utilisation du site FRANCIS PELLERIN est soumis au droit fran\u00e7ais. L&rsquo;utilisateur ainsi que FRANCIS PELLERIN acceptent de se soumettre \u00e0 la comp\u00e9tence exclusive des tribunaux Fran\u00e7ais en cas de litige.<\/p>\n<p>8. Protection des biens et des personnes \u2013 gestion des donn\u00e9es personnelles<\/p>\n<p>Utilisateur : Internaute se connectant, utilisant le site susnomm\u00e9 : FRANCIS PELLERIN<\/p>\n<p>En France, les donn\u00e9es personnelles sont notamment prot\u00e9g\u00e9es par la loi n\u00b0 78-87 du 6 janvier 1978, la loi n\u00b0 2004-801 du 6 ao\u00fbt 2004, l&rsquo;article L. 226-13 du Code p\u00e9nal et la Directive Europ\u00e9enne du 24 octobre 1995.<\/p>\n<p>Conform\u00e9ment aux dispositions des articles 38 et suivants de la loi 78-17 du 6 janvier 1978 relative \u00e0 l&rsquo;informatique, aux fichiers et aux libert\u00e9s, tout utilisateur dispose d&rsquo;un droit d&rsquo;acc\u00e8s, de rectification, de suppression et d&rsquo;opposition aux donn\u00e9es personnelles le concernant. Pour l&rsquo;exercer, adressez votre demande \u00e0 HAUDE PELLERIN par email : email du webmaster.<\/p>\n<p>Aucune information personnelle de l&rsquo;utilisateur du site FRANCIS PELLERIN n&rsquo;est publi\u00e9e \u00e0 l&rsquo;insu de l&rsquo;utilisateur, \u00e9chang\u00e9e, transf\u00e9r\u00e9e, c\u00e9d\u00e9e ou vendue sur un support quelconque \u00e0 des tiers. Seule l&rsquo;hypoth\u00e8se du rachat du site FRANCIS PELLERIN \u00e0 le propri\u00e9taire du site et de ses droits permettrait la transmission des dites informations \u00e0 l&rsquo;\u00e9ventuel acqu\u00e9reur qui serait \u00e0 son tour tenu de la m\u00eame obligation de conservation et de modification des donn\u00e9es vis \u00e0 vis de l&rsquo;utilisateur du site FRANCIS PELLERIN.<\/p>\n<p>Le site n&rsquo;est pas d\u00e9clar\u00e9 \u00e0 la CNIL car il ne recueille pas de donn\u00e9es personnelles.<\/p>\n<p>9. Droits d&rsquo;auteurs<\/p>\n<p>Les droits concernant l&rsquo;oeuvre de Francis PELLERIN sont g\u00e9r\u00e9s par l&rsquo;A.D.A.G.P. (Soci\u00e9t\u00e9 des auteurs dans les Arts Graphiques et Plastiques)<\/p>\n<p><span style=\"color: #ff0000;\">A.D.A.G.P<\/span><\/p>\n<p><span style=\"color: #ff0000;\">11 rue Duguay-Trouin<\/span><\/p>\n<p><span style=\"color: #ff0000;\">75006 Paris &#8211; France<\/span><\/p>\n<p><span style=\"color: #ff0000;\">Tel : 33+ 01 43 59 09 79<\/span><\/p>\n<p><strong>Autorisations et cessions de droits :<\/strong><\/p>\n<ul>\n<li>Madame Anne DARY au nom du Mus\u00e9e des Beaux Arts de Rennes a autoris\u00e9 l&rsquo;usage de la documentation visiuelle\u00a0 (Photos et vid\u00e9o) de l&rsquo;exposition 2005.<\/li>\n<li><span lang=\"fr-FR\">Monsieur J.R Bouiller, au nom du Mus\u00e9e des Beaux Arts de Rennes, a autoris\u00e9 les prises de vue pour la vid\u00e9o sur <a href=\"https:\/\/www.francis-pellerin.fr\/index.php\/francis-pellerin-lart-abstrait-geometrique-et-lestetique-constructiviste-au-musee-des-beaux-de-rennes\/\">la structure mobile et <\/a><\/span><span lang=\"fr-FR\">celles sur \u00ab L&rsquo;art construit de Francis Pellerin\u00bb et \u00abde l&rsquo;abstraction au cin\u00e9tisme en peinture\u00a0\u00bb<\/span><\/li>\n<li>Jean-Paul BIGOT vid\u00e9aste,\u00a0Claude GASPARIL, Patrick MERRET et Jean-Emmanuel Salingue\u00a0 photographes ont aimablement c\u00e9d\u00e9 leurs droits \u00e0 Haude PELLERIN, pour une dur\u00e9e de 25 ans et pour le monde entier.<\/li>\n<li>Les Archives Municipales de Rennes, d\u00e9positaires des fonds Francis PELLERIN 60Z ont pleinement favoris\u00e9 l&rsquo;acc\u00e8s \u00e0 la documentation.<\/li>\n<li>Ouest France a c\u00e9d\u00e9 ses droits \u00e0 Haude PELLERIN pour les articles utilis\u00e9s dans le site.<\/li>\n<\/ul>\n<p>Remerciements \u00e0 :<\/p>\n<p>&nbsp;<\/p>\n<ul>\n<ul>\n<ul>Patrice G\u00e9rard qui a contribu\u00e9 gracieusement \u00e0 la mise en place du contenu sur ce site.<\/ul>\n<\/ul>\n<\/ul>\n<ul>\n<ul>\n<ul>Fran\u00e7oise Grayot qui a \u00e9t\u00e9 d\u2019une aide pr\u00e9cieuse pour la constitution du dossier de contenu du site.<\/ul>\n<\/ul>\n<\/ul>\n<ul>\n<ul>\n<ul>Sylvie Blotti\u00e8re\u2013Derrien qui, au nom des Amis du Mus\u00e9e, a autoris\u00e9 la mise en ligne de l\u2019article \u00ab\u00a0Engendr\u00e9, non pas cr\u00e9\u00e9 \u00bb paru dans le bulletin des Amis du Mus\u00e9e en 1977.<\/ul>\n<\/ul>\n<\/ul>\n<ul>\n<ul>\n<ul>Monique Merly qui a autoris\u00e9 et c\u00e9der ses droits pour ses articles pr\u00e9sents sur le site (\u00e9crits enregistr\u00e9s \u00e0 la Soci\u00e9t\u00e9 Des Gens De lettres, 39 rue du faubourg Saint Jacques Paris).<\/ul>\n<\/ul>\n<\/ul>\n<ul>\n<ul>\n<ul>Laurence Imbernom pour sa contribution aux vid\u00e9os pr\u00e9sentes sur le site.<\/ul>\n<\/ul>\n<\/ul>\n<ul>\n<ul>\n<ul>L\u2019Ina Atlantique pour la fourniture du code d\u2019int\u00e9gration (Iframe) de la vid\u00e9o\u00a0\u00bb Visite au sculpteur abstrait\u00a0\u00bb de 1964.<\/ul>\n<\/ul>\n<\/ul>\n<ul>\n<ul>\n<ul>Marion Berthonneau pour ses pr\u00e9cieux conseils juridiques (adagp).<\/ul>\n<\/ul>\n<\/ul>\n<ul>\n<ul>\n<ul>Joanna Coryndon pour sa prise en charge de la traduction du site en anglais.<\/ul>\n<\/ul>\n<\/ul>\n<ul>\n<ul>\n<ul>Et Sophie Mespl\u00e8de pour son appui scientifique et sa relecture.<\/ul>\n<\/ul>\n<\/ul>\n<ul>\n<ul>David Morvan et Erwan Le Guillermic (DMLG Production)\u00a0qui ont amicalement apport\u00e9 \u00a0leur savoir-faire pour la r\u00e9alisation des vid\u00e9os 2019-2020.<\/ul>\n<\/ul>\n<p>[\/et_pb_text][\/et_pb_column][\/et_pb_row][\/et_pb_section]<\/p>\n","protected":false},"excerpt":{"rendered":"<p>[et_pb_section fb_built=\u00a0\u00bb1&Prime; fullwidth=\u00a0\u00bbon\u00a0\u00bb _builder_version=\u00a0\u00bb3.0.86&Prime;][et_pb_fullwidth_post_title meta=\u00a0\u00bboff\u00a0\u00bb featured_placement=\u00a0\u00bbbackground\u00a0\u00bb text_background=\u00a0\u00bbon\u00a0\u00bb text_bg_color=\u00a0\u00bbrgba(124,124,124,0.9)\u00a0\u00bb _builder_version=\u00a0\u00bb3.0.86&Prime; title_font=\u00a0\u00bbOpen Sans||||||||\u00a0\u00bb title_text_color=\u00a0\u00bb#ffffff\u00a0\u00bb title_line_height=\u00a0\u00bb1.2em\u00a0\u00bb background_image=\u00a0\u00bbhttp:\/\/www.francis-pellerin.fr\/wp-content\/uploads\/2019\/01\/8-Grand-Vaisseau-1980.jpg\u00a0\u00bb custom_css_main_element=\u00a0\u00bb line-height: 1.8em !important;|| letter-spacing: 2px !important;\u00a0\u00bb]\u00a0 [\/et_pb_fullwidth_post_title][\/et_pb_section][et_pb_section fb_built=\u00a0\u00bb1&Prime; module_id=\u00a0\u00bbquestion\u00a0\u00bb _builder_version=\u00a0\u00bb3.0.86&Prime; custom_css_main_element=\u00a0\u00bbpadding-bottom:0px !important;||padding-top:30px !important;\u00a0\u00bb][et_pb_row _builder_version=\u00a0\u00bb3.0.47&Prime; background_size=\u00a0\u00bbinitial\u00a0\u00bb background_position=\u00a0\u00bbtop_left\u00a0\u00bb background_repeat=\u00a0\u00bbrepeat\u00a0\u00bb][et_pb_column type=\u00a0\u00bb4_4&Prime; _builder_version=\u00a0\u00bb3.0.47&Prime; parallax=\u00a0\u00bboff\u00a0\u00bb parallax_method=\u00a0\u00bbon\u00a0\u00bb][et_pb_text _builder_version=\u00a0\u00bb3.0.86&Prime;] &nbsp; 1. Pr\u00e9sentation du site Conform\u00e9ment aux dispositions des articles 6-III et 19 de la Loi n\u00b0 2004-575 [&hellip;]<\/p>\n","protected":false},"author":1,"featured_media":147,"parent":0,"menu_order":0,"comment_status":"closed","ping_status":"open","template":"","meta":[],"_links":{"self":[{"href":"https:\/\/www.francis-pellerin.fr\/index.php\/wp-json\/wp\/v2\/pages\/1124"}],"collection":[{"href":"https:\/\/www.francis-pellerin.fr\/index.php\/wp-json\/wp\/v2\/pages"}],"about":[{"href":"https:\/\/www.francis-pellerin.fr\/index.php\/wp-json\/wp\/v2\/types\/page"}],"author":[{"embeddable":true,"href":"https:\/\/www.francis-pellerin.fr\/index.php\/wp-json\/wp\/v2\/users\/1"}],"replies":[{"embeddable":true,"href":"https:\/\/www.francis-pellerin.fr\/index.php\/wp-json\/wp\/v2\/comments?post=1124"}],"version-history":[{"count":23,"href":"https:\/\/www.francis-pellerin.fr\/index.php\/wp-json\/wp\/v2\/pages\/1124\/revisions"}],"predecessor-version":[{"id":1641,"href":"https:\/\/www.francis-pellerin.fr\/index.php\/wp-json\/wp\/v2\/pages\/1124\/revisions\/1641"}],"wp:featuredmedia":[{"embeddable":true,"href":"https:\/\/www.francis-pellerin.fr\/index.php\/wp-json\/wp\/v2\/media\/147"}],"wp:attachment":[{"href":"https:\/\/www.francis-pellerin.fr\/index.php\/wp-json\/wp\/v2\/media?parent=1124"}],"curies":[{"name":"wp","href":"https:\/\/api.w.org\/{rel}","templated":true}]}}